{"id":9,"date":"2022-12-31T10:37:08","date_gmt":"2022-12-31T13:37:08","guid":{"rendered":"https:\/\/mtvidas.com.br\/?page_id=9"},"modified":"2026-02-28T09:03:13","modified_gmt":"2026-02-28T12:03:13","slug":"sobre","status":"publish","type":"page","link":"https:\/\/mtvidas.com.br\/index.php\/sobre\/","title":{"rendered":"SOBRE"},"content":{"rendered":"\n<figure class=\"wp-block-image alignwide size-large\"><img fetchpriority=\"high\" decoding=\"async\" width=\"1024\" height=\"576\" src=\"https:\/\/mtvidas.com.br\/wp-content\/uploads\/2023\/01\/missao-1-1024x576.png\" alt=\"\" class=\"wp-image-141\" srcset=\"https:\/\/mtvidas.com.br\/wp-content\/uploads\/2023\/01\/missao-1-1024x576.png 1024w, https:\/\/mtvidas.com.br\/wp-content\/uploads\/2023\/01\/missao-1-300x169.png 300w, https:\/\/mtvidas.com.br\/wp-content\/uploads\/2023\/01\/missao-1-768x432.png 768w, https:\/\/mtvidas.com.br\/wp-content\/uploads\/2023\/01\/missao-1.png 1280w\" sizes=\"(max-width: 1024px) 100vw, 1024px\" \/><\/figure>\n\n\n\n<p>Todos que atuam na MTVIDAS s\u00e3o volunt\u00e1rios, ou seja, fazem por amor a Deus e ao pr\u00f3ximo. <\/p>\n\n\n\n<p>Dentre todos os volunt\u00e1rios, temos os que comp\u00f5e a Diretoria e Conselhos Consultivo e Fiscal. <\/p>\n\n\n\n<figure class=\"wp-block-image size-large\"><img decoding=\"async\" width=\"1024\" height=\"576\" src=\"http:\/\/mtvidas.com.br\/wp-content\/uploads\/2024\/05\/Boletim-Informativo-MTVidas-2021-2022_JUL-Copia-1024x576.png\" alt=\"\" class=\"wp-image-286\" srcset=\"https:\/\/mtvidas.com.br\/wp-content\/uploads\/2024\/05\/Boletim-Informativo-MTVidas-2021-2022_JUL-Copia-1024x576.png 1024w, https:\/\/mtvidas.com.br\/wp-content\/uploads\/2024\/05\/Boletim-Informativo-MTVidas-2021-2022_JUL-Copia-300x169.png 300w, https:\/\/mtvidas.com.br\/wp-content\/uploads\/2024\/05\/Boletim-Informativo-MTVidas-2021-2022_JUL-Copia-768x432.png 768w, https:\/\/mtvidas.com.br\/wp-content\/uploads\/2024\/05\/Boletim-Informativo-MTVidas-2021-2022_JUL-Copia.png 1280w\" sizes=\"(max-width: 1024px) 100vw, 1024px\" \/><\/figure>\n\n\n\n<figure class=\"wp-block-image size-large\"><img decoding=\"async\" width=\"1024\" height=\"576\" src=\"https:\/\/mtvidas.com.br\/wp-content\/uploads\/2023\/01\/cons_consultivo-1-1024x576.png\" alt=\"\" class=\"wp-image-145\" srcset=\"https:\/\/mtvidas.com.br\/wp-content\/uploads\/2023\/01\/cons_consultivo-1-1024x576.png 1024w, https:\/\/mtvidas.com.br\/wp-content\/uploads\/2023\/01\/cons_consultivo-1-300x169.png 300w, https:\/\/mtvidas.com.br\/wp-content\/uploads\/2023\/01\/cons_consultivo-1-768x432.png 768w, https:\/\/mtvidas.com.br\/wp-content\/uploads\/2023\/01\/cons_consultivo-1.png 1280w\" sizes=\"(max-width: 1024px) 100vw, 1024px\" \/><\/figure>\n\n\n\n<figure class=\"wp-block-image size-large\"><img loading=\"lazy\" decoding=\"async\" width=\"1024\" height=\"576\" src=\"https:\/\/mtvidas.com.br\/wp-content\/uploads\/2023\/01\/Boletim-Informativo-MTVidas-2021-2022_JUL-1-1024x576.png\" alt=\"\" class=\"wp-image-152\" srcset=\"https:\/\/mtvidas.com.br\/wp-content\/uploads\/2023\/01\/Boletim-Informativo-MTVidas-2021-2022_JUL-1-1024x576.png 1024w, https:\/\/mtvidas.com.br\/wp-content\/uploads\/2023\/01\/Boletim-Informativo-MTVidas-2021-2022_JUL-1-300x169.png 300w, https:\/\/mtvidas.com.br\/wp-content\/uploads\/2023\/01\/Boletim-Informativo-MTVidas-2021-2022_JUL-1-768x432.png 768w, https:\/\/mtvidas.com.br\/wp-content\/uploads\/2023\/01\/Boletim-Informativo-MTVidas-2021-2022_JUL-1.png 1280w\" sizes=\"(max-width: 1024px) 100vw, 1024px\" \/><\/figure>\n\n\n\n<h2 class=\"wp-block-heading\"><a href=\"https:\/\/drive.google.com\/file\/d\/1AEX2VAl-clu059WofcmFY-wbUdNet8yv\/view?usp=sharing\" target=\"_blank\" rel=\"noreferrer noopener\">ESTATUTO SOCIAL MTVIDAS<\/a><\/h2>\n\n\n\n<h2 class=\"wp-block-heading has-text-align-center\">CONVOCA\u00c7\u00d5ES DE ASSEMBLEIA<\/h2>\n\n\n\n<figure class=\"wp-block-image size-large is-resized\"><img loading=\"lazy\" decoding=\"async\" width=\"708\" height=\"1024\" src=\"https:\/\/mtvidas.com.br\/wp-content\/uploads\/2026\/02\/EDITAL_01-11-2025_MTVIDAS-708x1024.png\" alt=\"\" class=\"wp-image-307\" style=\"aspect-ratio:0.7170111287758346;width:606px;height:auto\" srcset=\"https:\/\/mtvidas.com.br\/wp-content\/uploads\/2026\/02\/EDITAL_01-11-2025_MTVIDAS-708x1024.png 708w, https:\/\/mtvidas.com.br\/wp-content\/uploads\/2026\/02\/EDITAL_01-11-2025_MTVIDAS-207x300.png 207w, https:\/\/mtvidas.com.br\/wp-content\/uploads\/2026\/02\/EDITAL_01-11-2025_MTVIDAS.png 746w\" sizes=\"(max-width: 708px) 100vw, 708px\" \/><\/figure>\n\n\n\n<p><\/p>\n","protected":false},"excerpt":{"rendered":"<p>Todos que atuam na MTVIDAS s\u00e3o volunt\u00e1rios, ou seja, fazem por amor a Deus e ao pr\u00f3ximo. Dentre todos os volunt\u00e1rios, temos os que comp\u00f5e a Diretoria e Conselhos Consultivo e Fiscal. ESTATUTO SOCIAL MTVIDAS CONVOCA\u00c7\u00d5ES DE ASSEMBLEIA<\/p>\n","protected":false},"author":1,"featured_media":0,"parent":0,"menu_order":0,"comment_status":"closed","ping_status":"closed","template":"","meta":{"footnotes":""},"_links":{"self":[{"href":"https:\/\/mtvidas.com.br\/index.php\/wp-json\/wp\/v2\/pages\/9"}],"collection":[{"href":"https:\/\/mtvidas.com.br\/index.php\/wp-json\/wp\/v2\/pages"}],"about":[{"href":"https:\/\/mtvidas.com.br\/index.php\/wp-json\/wp\/v2\/types\/page"}],"author":[{"embeddable":true,"href":"https:\/\/mtvidas.com.br\/index.php\/wp-json\/wp\/v2\/users\/1"}],"replies":[{"embeddable":true,"href":"https:\/\/mtvidas.com.br\/index.php\/wp-json\/wp\/v2\/comments?post=9"}],"version-history":[{"count":17,"href":"https:\/\/mtvidas.com.br\/index.php\/wp-json\/wp\/v2\/pages\/9\/revisions"}],"predecessor-version":[{"id":308,"href":"https:\/\/mtvidas.com.br\/index.php\/wp-json\/wp\/v2\/pages\/9\/revisions\/308"}],"wp:attachment":[{"href":"https:\/\/mtvidas.com.br\/index.php\/wp-json\/wp\/v2\/media?parent=9"}],"curies":[{"name":"wp","href":"https:\/\/api.w.org\/{rel}","templated":true}]}}