{"id":42,"date":"2022-12-31T11:51:23","date_gmt":"2022-12-31T14:51:23","guid":{"rendered":"https:\/\/mtvidas.com.br\/?page_id=42"},"modified":"2023-01-01T19:33:35","modified_gmt":"2023-01-01T22:33:35","slug":"resgate-e-acolhimento","status":"publish","type":"page","link":"https:\/\/mtvidas.com.br\/index.php\/resgate-e-acolhimento\/","title":{"rendered":"RESGATE E ACOLHIMENTO"},"content":{"rendered":"\n<h2 class=\"wp-block-heading\">LOCAL DE ACOLHIDA<\/h2>\n\n\n\n<p>TODAS AS QUINTAS-FEIRAS NA RUA JOAQUIM MURTINHO, 186, BOM RETIRO<\/p>\n\n\n\n<p>O acolhimento na Casa Transforma\u00e7\u00e3o ocorre conforme exist\u00eancia de vagas na casa. <\/p>\n\n\n\n<figure class=\"wp-block-image size-large\"><img fetchpriority=\"high\" decoding=\"async\" width=\"1024\" height=\"576\" src=\"http:\/\/mtvidas.com.br\/wp-content\/uploads\/2022\/12\/Diapositivo5-1024x576.png\" alt=\"\" class=\"wp-image-14\" srcset=\"https:\/\/mtvidas.com.br\/wp-content\/uploads\/2022\/12\/Diapositivo5-1024x576.png 1024w, https:\/\/mtvidas.com.br\/wp-content\/uploads\/2022\/12\/Diapositivo5-300x169.png 300w, https:\/\/mtvidas.com.br\/wp-content\/uploads\/2022\/12\/Diapositivo5-768x432.png 768w, https:\/\/mtvidas.com.br\/wp-content\/uploads\/2022\/12\/Diapositivo5.png 1280w\" sizes=\"(max-width: 1024px) 100vw, 1024px\" \/><\/figure>\n\n\n\n<p>Em determinadas \u00e9pocas do ano a MTVIDAS se mobiliza junto \u00e0 outras institui\u00e7\u00f5es para realiza\u00e7\u00e3o de opera\u00e7\u00f5es de resgate.<\/p>\n\n\n\n<figure class=\"wp-block-image size-large\"><img decoding=\"async\" width=\"1024\" height=\"576\" src=\"http:\/\/mtvidas.com.br\/wp-content\/uploads\/2022\/12\/Diapositivo4-1024x576.png\" alt=\"\" class=\"wp-image-13\" srcset=\"https:\/\/mtvidas.com.br\/wp-content\/uploads\/2022\/12\/Diapositivo4-1024x576.png 1024w, https:\/\/mtvidas.com.br\/wp-content\/uploads\/2022\/12\/Diapositivo4-300x169.png 300w, https:\/\/mtvidas.com.br\/wp-content\/uploads\/2022\/12\/Diapositivo4-768x432.png 768w, https:\/\/mtvidas.com.br\/wp-content\/uploads\/2022\/12\/Diapositivo4.png 1280w\" sizes=\"(max-width: 1024px) 100vw, 1024px\" \/><\/figure>\n","protected":false},"excerpt":{"rendered":"<p>LOCAL DE ACOLHIDA TODAS AS QUINTAS-FEIRAS NA RUA JOAQUIM MURTINHO, 186, BOM RETIRO O acolhimento na Casa Transforma\u00e7\u00e3o ocorre conforme exist\u00eancia de vagas na casa. Em determinadas \u00e9pocas do ano a MTVIDAS se mobiliza junto \u00e0 outras institui\u00e7\u00f5es para realiza\u00e7\u00e3o de opera\u00e7\u00f5es de resgate.<\/p>\n","protected":false},"author":1,"featured_media":0,"parent":0,"menu_order":0,"comment_status":"closed","ping_status":"closed","template":"","meta":{"footnotes":""},"_links":{"self":[{"href":"https:\/\/mtvidas.com.br\/index.php\/wp-json\/wp\/v2\/pages\/42"}],"collection":[{"href":"https:\/\/mtvidas.com.br\/index.php\/wp-json\/wp\/v2\/pages"}],"about":[{"href":"https:\/\/mtvidas.com.br\/index.php\/wp-json\/wp\/v2\/types\/page"}],"author":[{"embeddable":true,"href":"https:\/\/mtvidas.com.br\/index.php\/wp-json\/wp\/v2\/users\/1"}],"replies":[{"embeddable":true,"href":"https:\/\/mtvidas.com.br\/index.php\/wp-json\/wp\/v2\/comments?post=42"}],"version-history":[{"count":4,"href":"https:\/\/mtvidas.com.br\/index.php\/wp-json\/wp\/v2\/pages\/42\/revisions"}],"predecessor-version":[{"id":134,"href":"https:\/\/mtvidas.com.br\/index.php\/wp-json\/wp\/v2\/pages\/42\/revisions\/134"}],"wp:attachment":[{"href":"https:\/\/mtvidas.com.br\/index.php\/wp-json\/wp\/v2\/media?parent=42"}],"curies":[{"name":"wp","href":"https:\/\/api.w.org\/{rel}","templated":true}]}}