{"id":100,"date":"2022-12-31T13:21:26","date_gmt":"2022-12-31T16:21:26","guid":{"rendered":"https:\/\/mtvidas.com.br\/?page_id=100"},"modified":"2024-05-16T15:15:47","modified_gmt":"2024-05-16T18:15:47","slug":"cursos","status":"publish","type":"page","link":"https:\/\/mtvidas.com.br\/index.php\/cursos\/","title":{"rendered":"CURSOS"},"content":{"rendered":"\n<p>A MTVIDAS tem por finalidade socorrer os menos favorecidos da sociedade, bem como, pessoas em situa\u00e7\u00e3o de rua e drogas. Al\u00e9m disso, a MTVIDAS \u00e9 um local que oferece diversos cursos, para a prepara\u00e7\u00e3o de mission\u00e1rios para atua\u00e7\u00e3o no Reino de Deus. <\/p>\n\n\n\n<p>A seguir s\u00e3o oferecidos cursos que s\u00e3o ofertados pela pr\u00f3pria MTVIDAS ou por institui\u00e7\u00f5es parceiras de confian\u00e7a.<\/p>\n\n\n\n<p><\/p>\n\n\n\n<figure class=\"wp-block-image size-large\"><img fetchpriority=\"high\" decoding=\"async\" width=\"1024\" height=\"341\" src=\"https:\/\/mtvidas.com.br\/wp-content\/uploads\/2023\/01\/logo_treinamento-1024x341.png\" alt=\"\" class=\"wp-image-154\" srcset=\"https:\/\/mtvidas.com.br\/wp-content\/uploads\/2023\/01\/logo_treinamento-1024x341.png 1024w, https:\/\/mtvidas.com.br\/wp-content\/uploads\/2023\/01\/logo_treinamento-300x100.png 300w, https:\/\/mtvidas.com.br\/wp-content\/uploads\/2023\/01\/logo_treinamento-768x256.png 768w, https:\/\/mtvidas.com.br\/wp-content\/uploads\/2023\/01\/logo_treinamento.png 1134w\" sizes=\"(max-width: 1024px) 100vw, 1024px\" \/><\/figure>\n\n\n\n<p>O curso gratuito de Treinamento Mission\u00e1rio da MTVIDAS tem a dura\u00e7\u00e3o de 12 meses e tem a finalidade de capacitar os futuros mission\u00e1rios da MTVIDAS, bem como, de outras institui\u00e7\u00f5es crist\u00e3s.<\/p>\n\n\n\n<p>\u00c9 um curso cont\u00ednuo, sendo poss\u00edvel o ingresso em qualquer altura do ano. Se deseja conhecer melhor o Treinamento Mission\u00e1rio da MTVIDAS, veja o <a href=\"https:\/\/drive.google.com\/file\/d\/1ECnGqwLAsf3Uf6MWWoe53SgiRzwhs12R\/view?usp=sharing\" target=\"_blank\" rel=\"noreferrer noopener\">REGULAMENTO DO TREINAMENTO MISSION\u00c1RIO<\/a>.<\/p>\n\n\n\n<p>Se deseja se inscrever, pedimos que preencha o <a rel=\"noreferrer noopener\" href=\"https:\/\/forms.gle\/DYz9qDgFUDWGuhbRA\" target=\"_blank\">FORMUL\u00c1RIO DE INSCRI\u00c7\u00c3O<\/a>.<\/p>\n\n\n\n<p><\/p>\n\n\n\n<figure class=\"wp-block-image size-large\"><img decoding=\"async\" width=\"1024\" height=\"384\" src=\"https:\/\/mtvidas.com.br\/wp-content\/uploads\/2023\/01\/CLS-1024x384.png\" alt=\"\" class=\"wp-image-159\" srcset=\"https:\/\/mtvidas.com.br\/wp-content\/uploads\/2023\/01\/CLS-1024x384.png 1024w, https:\/\/mtvidas.com.br\/wp-content\/uploads\/2023\/01\/CLS-300x113.png 300w, https:\/\/mtvidas.com.br\/wp-content\/uploads\/2023\/01\/CLS-768x288.png 768w, https:\/\/mtvidas.com.br\/wp-content\/uploads\/2023\/01\/CLS-1536x576.png 1536w, https:\/\/mtvidas.com.br\/wp-content\/uploads\/2023\/01\/CLS-2048x768.png 2048w, https:\/\/mtvidas.com.br\/wp-content\/uploads\/2023\/01\/CLS-1568x588.png 1568w\" sizes=\"(max-width: 1024px) 100vw, 1024px\" \/><\/figure>\n\n\n\n<ul>\n<li><\/li>\n<\/ul>\n\n\n\n<p><\/p>\n\n\n\n<p><\/p>\n","protected":false},"excerpt":{"rendered":"<p>A MTVIDAS tem por finalidade socorrer os menos favorecidos da sociedade, bem como, pessoas em situa\u00e7\u00e3o de rua e drogas. Al\u00e9m disso, a MTVIDAS \u00e9 um local que oferece diversos cursos, para a prepara\u00e7\u00e3o de mission\u00e1rios para atua\u00e7\u00e3o no Reino de Deus. A seguir s\u00e3o oferecidos cursos que s\u00e3o ofertados pela pr\u00f3pria MTVIDAS ou por&hellip; <a class=\"more-link\" href=\"https:\/\/mtvidas.com.br\/index.php\/cursos\/\">Continue reading <span class=\"screen-reader-text\">CURSOS<\/span><\/a><\/p>\n","protected":false},"author":1,"featured_media":0,"parent":0,"menu_order":0,"comment_status":"closed","ping_status":"closed","template":"","meta":{"footnotes":""},"_links":{"self":[{"href":"https:\/\/mtvidas.com.br\/index.php\/wp-json\/wp\/v2\/pages\/100"}],"collection":[{"href":"https:\/\/mtvidas.com.br\/index.php\/wp-json\/wp\/v2\/pages"}],"about":[{"href":"https:\/\/mtvidas.com.br\/index.php\/wp-json\/wp\/v2\/types\/page"}],"author":[{"embeddable":true,"href":"https:\/\/mtvidas.com.br\/index.php\/wp-json\/wp\/v2\/users\/1"}],"replies":[{"embeddable":true,"href":"https:\/\/mtvidas.com.br\/index.php\/wp-json\/wp\/v2\/comments?post=100"}],"version-history":[{"count":12,"href":"https:\/\/mtvidas.com.br\/index.php\/wp-json\/wp\/v2\/pages\/100\/revisions"}],"predecessor-version":[{"id":289,"href":"https:\/\/mtvidas.com.br\/index.php\/wp-json\/wp\/v2\/pages\/100\/revisions\/289"}],"wp:attachment":[{"href":"https:\/\/mtvidas.com.br\/index.php\/wp-json\/wp\/v2\/media?parent=100"}],"curies":[{"name":"wp","href":"https:\/\/api.w.org\/{rel}","templated":true}]}}